{"id":7996,"date":"2024-12-10T15:31:41","date_gmt":"2024-12-10T14:31:41","guid":{"rendered":"https:\/\/staging001.wp-ok.it\/mission\/responsabilite\/"},"modified":"2025-03-25T16:49:59","modified_gmt":"2025-03-25T15:49:59","slug":"responsabilite","status":"publish","type":"page","link":"https:\/\/riclima.ch\/fr\/mission\/responsabilite\/","title":{"rendered":"Responsabilit\u00e9"},"content":{"rendered":"\t\t<div data-elementor-type=\"wp-page\" data-elementor-id=\"7996\" class=\"elementor elementor-7996 elementor-390\" data-elementor-post-type=\"page\">\n\t\t\t\t<div class=\"elementor-element elementor-element-86afb5e e-flex e-con-boxed e-con e-parent\" data-id=\"86afb5e\" data-element_type=\"container\" data-e-type=\"container\" data-settings=\"{&quot;background_background&quot;:&quot;classic&quot;}\">\n\t\t\t\t\t<div class=\"e-con-inner\">\n\t\t\t\t<div class=\"elementor-element elementor-element-169d75f elementor-widget elementor-widget-heading\" data-id=\"169d75f\" data-element_type=\"widget\" data-e-type=\"widget\" data-widget_type=\"heading.default\">\n\t\t\t\t<div class=\"elementor-widget-container\">\n\t\t\t\t\t<h1 class=\"elementor-heading-title elementor-size-default\">Responsabilit\u00e9<\/h1>\t\t\t\t<\/div>\n\t\t\t\t<\/div>\n\t\t\t\t\t<\/div>\n\t\t\t\t<\/div>\n\t\t<div class=\"elementor-element elementor-element-0535704 e-flex e-con-boxed e-con e-parent\" data-id=\"0535704\" data-element_type=\"container\" data-e-type=\"container\">\n\t\t\t\t\t<div class=\"e-con-inner\">\n\t\t\t\t<div class=\"elementor-element elementor-element-2609b12 elementor-view-default elementor-widget elementor-widget-icon\" data-id=\"2609b12\" data-element_type=\"widget\" data-e-type=\"widget\" data-widget_type=\"icon.default\">\n\t\t\t\t<div class=\"elementor-widget-container\">\n\t\t\t\t\t\t\t<div class=\"elementor-icon-wrapper\">\n\t\t\t<div class=\"elementor-icon\">\n\t\t\t<svg aria-hidden=\"true\" class=\"e-font-icon-svg e-fas-user-tie\" viewBox=\"0 0 448 512\" xmlns=\"http:\/\/www.w3.org\/2000\/svg\"><path d=\"M224 256c70.7 0 128-57.3 128-128S294.7 0 224 0 96 57.3 96 128s57.3 128 128 128zm95.8 32.6L272 480l-32-136 32-56h-96l32 56-32 136-47.8-191.4C56.9 292 0 350.3 0 422.4V464c0 26.5 21.5 48 48 48h352c26.5 0 48-21.5 48-48v-41.6c0-72.1-56.9-130.4-128.2-133.8z\"><\/path><\/svg>\t\t\t<\/div>\n\t\t<\/div>\n\t\t\t\t\t\t<\/div>\n\t\t\t\t<\/div>\n\t\t<div class=\"elementor-element elementor-element-5469910 e-con-full e-flex e-con e-child\" data-id=\"5469910\" data-element_type=\"container\" data-e-type=\"container\">\n\t\t\t\t<div class=\"elementor-element elementor-element-45d0668 elementor-widget elementor-widget-heading\" data-id=\"45d0668\" data-element_type=\"widget\" data-e-type=\"widget\" data-widget_type=\"heading.default\">\n\t\t\t\t<div class=\"elementor-widget-container\">\n\t\t\t\t\t<h2 class=\"elementor-heading-title elementor-size-default\">Nous proposons des syst\u00e8mes qui combinent les produits de plusieurs partenaires. Nous avons l\u2019expertise technique requise et assumons la responsabilit\u00e9 et les cons\u00e9quences des projets<\/h2>\t\t\t\t<\/div>\n\t\t\t\t<\/div>\n\t\t\t\t<div class=\"elementor-element elementor-element-50f2663 elementor-widget elementor-widget-text-editor\" data-id=\"50f2663\" data-element_type=\"widget\" data-e-type=\"widget\" data-widget_type=\"text-editor.default\">\n\t\t\t\t<div class=\"elementor-widget-container\">\n\t\t\t\t\t\t\t\t\t<p>Il est impossible pour une seule entreprise d\u2019\u00eatre comp\u00e9titive dans tous les domaines. En outre, lorsqu\u2019il s\u2019agit de proposer un syst\u00e8me entier et non un seul composant, aucune entreprise n\u2019est capable de produire directement des composants hydrauliques (produits tr\u00e8s simples au plan technologique) et des producteurs de chaleur\/refroidissement (produits reposant sur des technologies complexes).<\/p>\n<p>C\u2019est pourquoi Riclima distribue les produits de 4 soci\u00e9t\u00e9s diff\u00e9rentes tout en assumant la responsabilit\u00e9 technique de la combinaison de ces produits dans un syst\u00e8me.<\/p>\n<p>Riclima garantit la compatibilit\u00e9 des diff\u00e9rents composants des syst\u00e8mes et fournit les indications n\u00e9cessaires \u00e0 leur assemblage correct. Nous ne dissimulons pas les probl\u00e8mes qui peuvent se pr\u00e9senter mais affrontons la situation avec la plus grande transparence dans l\u2019objectif final de satisfaire le client.<\/p>\n<p>Tout cela peut s\u2019apparenter \u00e0 un banal slogan, mais malheureusement, l\u2019exp\u00e9rience et la pratique montrent que la question de la responsabilit\u00e9 est une dure r\u00e9alit\u00e9 dans notre secteur.<\/p>\n<p><strong>Riclima s\u2019engage \u00e0 assumer la responsabilit\u00e9 de l\u2019ensemble des syst\u00e8mes qu\u2019elle fournit.<\/strong><\/p>\n\t\t\t\t\t\t\t\t<\/div>\n\t\t\t\t<\/div>\n\t\t\t\t<\/div>\n\t\t\t\t\t<\/div>\n\t\t\t\t<\/div>\n\t\t\t\t<\/div>\n\t\t","protected":false},"excerpt":{"rendered":"<p>Responsabilit\u00e9 Nous proposons des syst\u00e8mes qui combinent les produits de plusieurs partenaires. Nous avons l\u2019expertise technique requise et assumons la responsabilit\u00e9 et les cons\u00e9quences des projets Il est impossible pour une seule entreprise d\u2019\u00eatre comp\u00e9titive dans tous les domaines. En outre, lorsqu\u2019il s\u2019agit de proposer un syst\u00e8me entier et non un seul composant, aucune entreprise [&hellip;]<\/p>\n","protected":false},"author":1,"featured_media":0,"parent":7986,"menu_order":0,"comment_status":"closed","ping_status":"closed","template":"","meta":{"_acf_changed":false,"footnotes":""},"class_list":["post-7996","page","type-page","status-publish","hentry"],"acf":[],"yoast_head":"<!-- This site is optimized with the Yoast SEO plugin v27.4 - https:\/\/yoast.com\/product\/yoast-seo-wordpress\/ -->\n<title>Responsabilit\u00e9 - Riclima<\/title>\n<meta name=\"robots\" content=\"index, follow, max-snippet:-1, max-image-preview:large, max-video-preview:-1\" \/>\n<link rel=\"canonical\" href=\"https:\/\/riclima.ch\/fr\/mission\/responsabilite\/\" \/>\n<meta property=\"og:locale\" content=\"fr_FR\" \/>\n<meta property=\"og:type\" content=\"article\" \/>\n<meta property=\"og:title\" content=\"Responsabilit\u00e9 - Riclima\" \/>\n<meta property=\"og:description\" content=\"Responsabilit\u00e9 Nous proposons des syst\u00e8mes qui combinent les produits de plusieurs partenaires. Nous avons l\u2019expertise technique requise et assumons la responsabilit\u00e9 et les cons\u00e9quences des projets Il est impossible pour une seule entreprise d\u2019\u00eatre comp\u00e9titive dans tous les domaines. En outre, lorsqu\u2019il s\u2019agit de proposer un syst\u00e8me entier et non un seul composant, aucune entreprise [&hellip;]\" \/>\n<meta property=\"og:url\" content=\"https:\/\/riclima.ch\/fr\/mission\/responsabilite\/\" \/>\n<meta property=\"og:site_name\" content=\"Riclima\" \/>\n<meta property=\"article:modified_time\" content=\"2025-03-25T15:49:59+00:00\" \/>\n<script type=\"application\/ld+json\" class=\"yoast-schema-graph\">{\"@context\":\"https:\\\/\\\/schema.org\",\"@graph\":[{\"@type\":\"WebPage\",\"@id\":\"https:\\\/\\\/riclima.ch\\\/fr\\\/mission\\\/responsabilite\\\/\",\"url\":\"https:\\\/\\\/riclima.ch\\\/fr\\\/mission\\\/responsabilite\\\/\",\"name\":\"Responsabilit\u00e9 - Riclima\",\"isPartOf\":{\"@id\":\"https:\\\/\\\/riclima.ch\\\/fr\\\/#website\"},\"datePublished\":\"2024-12-10T14:31:41+00:00\",\"dateModified\":\"2025-03-25T15:49:59+00:00\",\"breadcrumb\":{\"@id\":\"https:\\\/\\\/riclima.ch\\\/fr\\\/mission\\\/responsabilite\\\/#breadcrumb\"},\"inLanguage\":\"fr-FR\",\"potentialAction\":[{\"@type\":\"ReadAction\",\"target\":[\"https:\\\/\\\/riclima.ch\\\/fr\\\/mission\\\/responsabilite\\\/\"]}]},{\"@type\":\"BreadcrumbList\",\"@id\":\"https:\\\/\\\/riclima.ch\\\/fr\\\/mission\\\/responsabilite\\\/#breadcrumb\",\"itemListElement\":[{\"@type\":\"ListItem\",\"position\":1,\"name\":\"Home\",\"item\":\"https:\\\/\\\/riclima.ch\\\/fr\\\/\"},{\"@type\":\"ListItem\",\"position\":2,\"name\":\"Mission\",\"item\":\"https:\\\/\\\/riclima.ch\\\/fr\\\/mission\\\/\"},{\"@type\":\"ListItem\",\"position\":3,\"name\":\"Responsabilit\u00e9\"}]},{\"@type\":\"WebSite\",\"@id\":\"https:\\\/\\\/riclima.ch\\\/fr\\\/#website\",\"url\":\"https:\\\/\\\/riclima.ch\\\/fr\\\/\",\"name\":\"Riclima\",\"description\":\"\",\"potentialAction\":[{\"@type\":\"SearchAction\",\"target\":{\"@type\":\"EntryPoint\",\"urlTemplate\":\"https:\\\/\\\/riclima.ch\\\/fr\\\/?s={search_term_string}\"},\"query-input\":{\"@type\":\"PropertyValueSpecification\",\"valueRequired\":true,\"valueName\":\"search_term_string\"}}],\"inLanguage\":\"fr-FR\"}]}<\/script>\n<!-- \/ Yoast SEO plugin. -->","yoast_head_json":{"title":"Responsabilit\u00e9 - Riclima","robots":{"index":"index","follow":"follow","max-snippet":"max-snippet:-1","max-image-preview":"max-image-preview:large","max-video-preview":"max-video-preview:-1"},"canonical":"https:\/\/riclima.ch\/fr\/mission\/responsabilite\/","og_locale":"fr_FR","og_type":"article","og_title":"Responsabilit\u00e9 - Riclima","og_description":"Responsabilit\u00e9 Nous proposons des syst\u00e8mes qui combinent les produits de plusieurs partenaires. Nous avons l\u2019expertise technique requise et assumons la responsabilit\u00e9 et les cons\u00e9quences des projets Il est impossible pour une seule entreprise d\u2019\u00eatre comp\u00e9titive dans tous les domaines. En outre, lorsqu\u2019il s\u2019agit de proposer un syst\u00e8me entier et non un seul composant, aucune entreprise [&hellip;]","og_url":"https:\/\/riclima.ch\/fr\/mission\/responsabilite\/","og_site_name":"Riclima","article_modified_time":"2025-03-25T15:49:59+00:00","schema":{"@context":"https:\/\/schema.org","@graph":[{"@type":"WebPage","@id":"https:\/\/riclima.ch\/fr\/mission\/responsabilite\/","url":"https:\/\/riclima.ch\/fr\/mission\/responsabilite\/","name":"Responsabilit\u00e9 - Riclima","isPartOf":{"@id":"https:\/\/riclima.ch\/fr\/#website"},"datePublished":"2024-12-10T14:31:41+00:00","dateModified":"2025-03-25T15:49:59+00:00","breadcrumb":{"@id":"https:\/\/riclima.ch\/fr\/mission\/responsabilite\/#breadcrumb"},"inLanguage":"fr-FR","potentialAction":[{"@type":"ReadAction","target":["https:\/\/riclima.ch\/fr\/mission\/responsabilite\/"]}]},{"@type":"BreadcrumbList","@id":"https:\/\/riclima.ch\/fr\/mission\/responsabilite\/#breadcrumb","itemListElement":[{"@type":"ListItem","position":1,"name":"Home","item":"https:\/\/riclima.ch\/fr\/"},{"@type":"ListItem","position":2,"name":"Mission","item":"https:\/\/riclima.ch\/fr\/mission\/"},{"@type":"ListItem","position":3,"name":"Responsabilit\u00e9"}]},{"@type":"WebSite","@id":"https:\/\/riclima.ch\/fr\/#website","url":"https:\/\/riclima.ch\/fr\/","name":"Riclima","description":"","potentialAction":[{"@type":"SearchAction","target":{"@type":"EntryPoint","urlTemplate":"https:\/\/riclima.ch\/fr\/?s={search_term_string}"},"query-input":{"@type":"PropertyValueSpecification","valueRequired":true,"valueName":"search_term_string"}}],"inLanguage":"fr-FR"}]}},"_links":{"self":[{"href":"https:\/\/riclima.ch\/fr\/wp-json\/wp\/v2\/pages\/7996","targetHints":{"allow":["GET"]}}],"collection":[{"href":"https:\/\/riclima.ch\/fr\/wp-json\/wp\/v2\/pages"}],"about":[{"href":"https:\/\/riclima.ch\/fr\/wp-json\/wp\/v2\/types\/page"}],"author":[{"embeddable":true,"href":"https:\/\/riclima.ch\/fr\/wp-json\/wp\/v2\/users\/1"}],"replies":[{"embeddable":true,"href":"https:\/\/riclima.ch\/fr\/wp-json\/wp\/v2\/comments?post=7996"}],"version-history":[{"count":5,"href":"https:\/\/riclima.ch\/fr\/wp-json\/wp\/v2\/pages\/7996\/revisions"}],"predecessor-version":[{"id":8313,"href":"https:\/\/riclima.ch\/fr\/wp-json\/wp\/v2\/pages\/7996\/revisions\/8313"}],"up":[{"embeddable":true,"href":"https:\/\/riclima.ch\/fr\/wp-json\/wp\/v2\/pages\/7986"}],"wp:attachment":[{"href":"https:\/\/riclima.ch\/fr\/wp-json\/wp\/v2\/media?parent=7996"}],"curies":[{"name":"wp","href":"https:\/\/api.w.org\/{rel}","templated":true}]}}