{"id":9372,"date":"2025-07-30T12:45:22","date_gmt":"2025-07-30T10:45:22","guid":{"rendered":"https:\/\/riclima.ch\/service-faq\/"},"modified":"2025-08-01T14:52:38","modified_gmt":"2025-08-01T12:52:38","slug":"service-faq","status":"publish","type":"page","link":"https:\/\/riclima.ch\/fr\/service\/service-faq\/","title":{"rendered":"Service FAQ"},"content":{"rendered":"\t\t<div data-elementor-type=\"wp-page\" data-elementor-id=\"9372\" class=\"elementor elementor-9372 elementor-9351\" data-elementor-post-type=\"page\">\n\t\t\t\t<div class=\"elementor-element elementor-element-d19307b e-flex e-con-boxed e-con e-parent\" data-id=\"d19307b\" data-element_type=\"container\" data-e-type=\"container\" data-settings=\"{&quot;background_background&quot;:&quot;classic&quot;}\">\n\t\t\t\t\t<div class=\"e-con-inner\">\n\t\t\t\t<div class=\"elementor-element elementor-element-80cbaee elementor-widget elementor-widget-heading\" data-id=\"80cbaee\" data-element_type=\"widget\" data-e-type=\"widget\" data-widget_type=\"heading.default\">\n\t\t\t\t<div class=\"elementor-widget-container\">\n\t\t\t\t\t<h1 class=\"elementor-heading-title elementor-size-default\">Service FAQ<\/h1>\t\t\t\t<\/div>\n\t\t\t\t<\/div>\n\t\t\t\t\t<\/div>\n\t\t\t\t<\/div>\n\t\t<div class=\"elementor-element elementor-element-9e5fc75 e-flex e-con-boxed e-con e-parent\" data-id=\"9e5fc75\" data-element_type=\"container\" data-e-type=\"container\">\n\t\t\t\t\t<div class=\"e-con-inner\">\n\t\t\t\t<div class=\"elementor-element elementor-element-84df775 elementor-view-default elementor-widget elementor-widget-icon\" data-id=\"84df775\" data-element_type=\"widget\" data-e-type=\"widget\" data-widget_type=\"icon.default\">\n\t\t\t\t<div class=\"elementor-widget-container\">\n\t\t\t\t\t\t\t<div class=\"elementor-icon-wrapper\">\n\t\t\t<div class=\"elementor-icon\">\n\t\t\t<svg aria-hidden=\"true\" class=\"e-font-icon-svg e-far-question-circle\" viewBox=\"0 0 512 512\" xmlns=\"http:\/\/www.w3.org\/2000\/svg\"><path d=\"M256 8C119.043 8 8 119.083 8 256c0 136.997 111.043 248 248 248s248-111.003 248-248C504 119.083 392.957 8 256 8zm0 448c-110.532 0-200-89.431-200-200 0-110.495 89.472-200 200-200 110.491 0 200 89.471 200 200 0 110.53-89.431 200-200 200zm107.244-255.2c0 67.052-72.421 68.084-72.421 92.863V300c0 6.627-5.373 12-12 12h-45.647c-6.627 0-12-5.373-12-12v-8.659c0-35.745 27.1-50.034 47.579-61.516 17.561-9.845 28.324-16.541 28.324-29.579 0-17.246-21.999-28.693-39.784-28.693-23.189 0-33.894 10.977-48.942 29.969-4.057 5.12-11.46 6.071-16.666 2.124l-27.824-21.098c-5.107-3.872-6.251-11.066-2.644-16.363C184.846 131.491 214.94 112 261.794 112c49.071 0 101.45 38.304 101.45 88.8zM298 368c0 23.159-18.841 42-42 42s-42-18.841-42-42 18.841-42 42-42 42 18.841 42 42z\"><\/path><\/svg>\t\t\t<\/div>\n\t\t<\/div>\n\t\t\t\t\t\t<\/div>\n\t\t\t\t<\/div>\n\t\t<div class=\"elementor-element elementor-element-8df65f2 e-con-full e-flex e-con e-child\" data-id=\"8df65f2\" data-element_type=\"container\" data-e-type=\"container\">\n\t\t\t\t<div class=\"elementor-element elementor-element-b47592c riclima-testo-con-ul elementor-widget elementor-widget-text-editor\" data-id=\"b47592c\" data-element_type=\"widget\" data-e-type=\"widget\" data-widget_type=\"text-editor.default\">\n\t\t\t\t<div class=\"elementor-widget-container\">\n\t\t\t\t\t\t\t\t\t<p><strong>Qu\u2019est-ce que le service technique?<\/strong><\/p>\n<p>Le service technique comprend toutes les activit\u00e9s n\u00e9cessaires au bon fonctionnement des \u00e9quipements tels que les pompes \u00e0 chaleur, groupes frigorifiques et autres syst\u00e8mes CVC (chauffage, ventilation, climatisation).<\/p>\n<p>Cela inclut:<\/p>\n<ul>\n<li>La mise en service initiale<\/li>\n<li>L\u2019entretien p\u00e9riodique, g\u00e9n\u00e9ralement annuel<\/li>\n<li>L\u2019assistance technique, en cas d\u2019anomalies ou de dysfonctionnements<\/li>\n<\/ul>\n<p><strong>Pourquoi la mise en service par Riclima est-elle essentielle?<\/strong><\/p>\n<p>Un technicien frigoriste exp\u00e9riment\u00e9 peut d\u00e9marrer un appareil, mais l\u2019optimisation compl\u00e8te du syst\u00e8me \u2013 c\u2019est-\u00e0-dire le r\u00e9glage pr\u00e9cis des param\u00e8tres internes du microprocesseur en fonction de l\u2019installation r\u00e9elle \u2013 ne peut \u00eatre effectu\u00e9e que par un centre d\u2019assistance agr\u00e9\u00e9.<\/p>\n<p>Gr\u00e2ce \u00e0 une formation directe aupr\u00e8s des fabricants et \u00e0 l\u2019acc\u00e8s aux param\u00e8tres d\u2019usine, Riclima est en mesure de:<\/p>\n<ul>\n<li>Maximiser les performances de l\u2019installation<\/li>\n<li>R\u00e9duire les risques d\u2019alarme ou de panne<\/li>\n<li>Garantir le respect des conditions de garantie<\/li>\n<\/ul>\n<p><strong>Que se passe-t-il si la mise en service n\u2019est pas effectu\u00e9e par du personnel agr\u00e9\u00e9?<\/strong><\/p>\n<p>Au d\u00e9but, l\u2019unit\u00e9 fonctionnera normalement, car elle est test\u00e9e en usine avec une configuration standard.<\/p>\n<p>Cependant, apr\u00e8s quelques semaines (selon l\u2019utilisation), des dysfonctionnements ou des alarmes peuvent appara\u00eetre \u00e0 cause de:<\/p>\n<ul>\n<li>Param\u00e8tres non adapt\u00e9s \u00e0 l\u2019installation r\u00e9elle<\/li>\n<li>\u00c9carts entre les conditions nominales et les conditions r\u00e9elles<\/li>\n<\/ul>\n<p>Souvent, on adapte alors l\u2019installation \u00e0 la machine, au lieu d\u2019adapter la machine \u00e0 l\u2019installation, ce qui peut entra\u00eener:<\/p>\n<ul>\n<li>Une consommation \u00e9nerg\u00e9tique excessive<\/li>\n<li>Des niveaux sonores plus \u00e9lev\u00e9s<\/li>\n<li>Des performances inf\u00e9rieures au projet initial<\/li>\n<\/ul>\n<p><em>Chez Riclima, la mise en service est toujours incluse dans la fourniture.<\/em><\/p>\n<p><strong>\u00c0 quelle fr\u00e9quence effectuer la maintenance? Et par qui?<\/strong><\/p>\n<p>L\u2019entretien doit \u00eatre effectu\u00e9 au moins une fois par an.<\/p>\n<p>Il n\u2019est pas obligatoire qu\u2019il soit r\u00e9alis\u00e9 par Riclima ou un centre agr\u00e9\u00e9, mais :<\/p>\n<ul>\n<li>Une collaboration \u00e9troite entre le technicien de maintenance et le distributeur est fortement recommand\u00e9e<\/li>\n<li>Certaines op\u00e9rations (comme le calibrage des sondes d\u2019alarme) n\u00e9cessitent une expertise sp\u00e9cialis\u00e9e<\/li>\n<\/ul>\n<p>Riclima propose un contrat de maintenance \u00ab\u00a0light\u00a0\u00bb pour les techniciens externes, incluant une assistance technique t\u00e9l\u00e9phonique.<\/p>\n<p><strong>Garantie vs maintenance : ce qu\u2019il faut savoir<\/strong><\/p>\n<p>La garantie de 2 ans et la maintenance annuelle sont deux \u00e9l\u00e9ments distincts. Mais l\u2019absence de maintenance peut entra\u00eener l\u2019annulation de la garantie. Il est en effet tr\u00e8s probable qu\u2019une pompe \u00e0 chaleur (notamment air-eau) subisse des pannes entre la 1\u00e8re et la 2e ann\u00e9e si aucun entretien n\u2019est effectu\u00e9.<\/p>\n<p><strong>En cas de panne, quels sont les d\u00e9lais d\u2019intervention?<\/strong><\/p>\n<p>Les techniciens Riclima interviennent en quelques heures seulement apr\u00e8s l\u2019appel.<\/p>\n<p>Pour les installations critiques, nous proposons:<\/p>\n<ul>\n<li>\u00a0Des contrats de service 24h\/24<\/li>\n<li>Un syst\u00e8me de surveillance \u00e0 distance via <a href=\"https:\/\/remote.riclima.ch\/\" target=\"_blank\" rel=\"noopener\">remote.riclima.ch<\/a><\/li>\n<\/ul>\n<p>Gr\u00e2ce \u00e0 remote.riclima.ch, nous sommes capables :<\/p>\n<ul>\n<li>D\u2019assurer une maintenance pr\u00e9ventive<\/li>\n<li>De d\u00e9tecter les anomalies avant qu\u2019elles ne deviennent des probl\u00e8mes majeurs<\/li>\n<\/ul>\n<p>Riclima dispose de trois entrep\u00f4ts de pi\u00e8ces d\u00e9tach\u00e9es, ce qui permet :<\/p>\n<ul>\n<li>Des r\u00e9parations rapides, notamment pour les pannes \u00e9lectroniques et capteurs<\/li>\n<\/ul>\n\t\t\t\t\t\t\t\t<\/div>\n\t\t\t\t<\/div>\n\t\t\t\t<\/div>\n\t\t\t\t\t<\/div>\n\t\t\t\t<\/div>\n\t\t\t\t<\/div>\n\t\t","protected":false},"excerpt":{"rendered":"<p>Service FAQ Qu\u2019est-ce que le service technique? Le service technique comprend toutes les activit\u00e9s n\u00e9cessaires au bon fonctionnement des \u00e9quipements tels que les pompes \u00e0 chaleur, groupes frigorifiques et autres syst\u00e8mes CVC (chauffage, ventilation, climatisation). Cela inclut: La mise en service initiale L\u2019entretien p\u00e9riodique, g\u00e9n\u00e9ralement annuel L\u2019assistance technique, en cas d\u2019anomalies ou de dysfonctionnements Pourquoi [&hellip;]<\/p>\n","protected":false},"author":6,"featured_media":0,"parent":9390,"menu_order":0,"comment_status":"closed","ping_status":"closed","template":"","meta":{"_acf_changed":false,"footnotes":""},"class_list":["post-9372","page","type-page","status-publish","hentry"],"acf":[],"yoast_head":"<!-- This site is optimized with the Yoast SEO plugin v27.4 - https:\/\/yoast.com\/product\/yoast-seo-wordpress\/ -->\n<title>Service FAQ - Riclima<\/title>\n<meta name=\"robots\" content=\"index, follow, max-snippet:-1, max-image-preview:large, max-video-preview:-1\" \/>\n<link rel=\"canonical\" href=\"https:\/\/riclima.ch\/fr\/service\/service-faq\/\" \/>\n<meta property=\"og:locale\" content=\"fr_FR\" \/>\n<meta property=\"og:type\" content=\"article\" \/>\n<meta property=\"og:title\" content=\"Service FAQ - Riclima\" \/>\n<meta property=\"og:description\" content=\"Service FAQ Qu\u2019est-ce que le service technique? Le service technique comprend toutes les activit\u00e9s n\u00e9cessaires au bon fonctionnement des \u00e9quipements tels que les pompes \u00e0 chaleur, groupes frigorifiques et autres syst\u00e8mes CVC (chauffage, ventilation, climatisation). Cela inclut: La mise en service initiale L\u2019entretien p\u00e9riodique, g\u00e9n\u00e9ralement annuel L\u2019assistance technique, en cas d\u2019anomalies ou de dysfonctionnements Pourquoi [&hellip;]\" \/>\n<meta property=\"og:url\" content=\"https:\/\/riclima.ch\/fr\/service\/service-faq\/\" \/>\n<meta property=\"og:site_name\" content=\"Riclima\" \/>\n<meta property=\"article:modified_time\" content=\"2025-08-01T12:52:38+00:00\" \/>\n<script type=\"application\/ld+json\" class=\"yoast-schema-graph\">{\"@context\":\"https:\\\/\\\/schema.org\",\"@graph\":[{\"@type\":\"WebPage\",\"@id\":\"https:\\\/\\\/riclima.ch\\\/fr\\\/service\\\/service-faq\\\/\",\"url\":\"https:\\\/\\\/riclima.ch\\\/fr\\\/service\\\/service-faq\\\/\",\"name\":\"Service FAQ - Riclima\",\"isPartOf\":{\"@id\":\"https:\\\/\\\/riclima.ch\\\/fr\\\/#website\"},\"datePublished\":\"2025-07-30T10:45:22+00:00\",\"dateModified\":\"2025-08-01T12:52:38+00:00\",\"breadcrumb\":{\"@id\":\"https:\\\/\\\/riclima.ch\\\/fr\\\/service\\\/service-faq\\\/#breadcrumb\"},\"inLanguage\":\"fr-FR\",\"potentialAction\":[{\"@type\":\"ReadAction\",\"target\":[\"https:\\\/\\\/riclima.ch\\\/fr\\\/service\\\/service-faq\\\/\"]}]},{\"@type\":\"BreadcrumbList\",\"@id\":\"https:\\\/\\\/riclima.ch\\\/fr\\\/service\\\/service-faq\\\/#breadcrumb\",\"itemListElement\":[{\"@type\":\"ListItem\",\"position\":1,\"name\":\"Home\",\"item\":\"https:\\\/\\\/riclima.ch\\\/fr\\\/\"},{\"@type\":\"ListItem\",\"position\":2,\"name\":\"Service\",\"item\":\"https:\\\/\\\/riclima.ch\\\/fr\\\/service\\\/\"},{\"@type\":\"ListItem\",\"position\":3,\"name\":\"Service FAQ\"}]},{\"@type\":\"WebSite\",\"@id\":\"https:\\\/\\\/riclima.ch\\\/fr\\\/#website\",\"url\":\"https:\\\/\\\/riclima.ch\\\/fr\\\/\",\"name\":\"Riclima\",\"description\":\"\",\"potentialAction\":[{\"@type\":\"SearchAction\",\"target\":{\"@type\":\"EntryPoint\",\"urlTemplate\":\"https:\\\/\\\/riclima.ch\\\/fr\\\/?s={search_term_string}\"},\"query-input\":{\"@type\":\"PropertyValueSpecification\",\"valueRequired\":true,\"valueName\":\"search_term_string\"}}],\"inLanguage\":\"fr-FR\"}]}<\/script>\n<!-- \/ Yoast SEO plugin. -->","yoast_head_json":{"title":"Service FAQ - Riclima","robots":{"index":"index","follow":"follow","max-snippet":"max-snippet:-1","max-image-preview":"max-image-preview:large","max-video-preview":"max-video-preview:-1"},"canonical":"https:\/\/riclima.ch\/fr\/service\/service-faq\/","og_locale":"fr_FR","og_type":"article","og_title":"Service FAQ - Riclima","og_description":"Service FAQ Qu\u2019est-ce que le service technique? Le service technique comprend toutes les activit\u00e9s n\u00e9cessaires au bon fonctionnement des \u00e9quipements tels que les pompes \u00e0 chaleur, groupes frigorifiques et autres syst\u00e8mes CVC (chauffage, ventilation, climatisation). Cela inclut: La mise en service initiale L\u2019entretien p\u00e9riodique, g\u00e9n\u00e9ralement annuel L\u2019assistance technique, en cas d\u2019anomalies ou de dysfonctionnements Pourquoi [&hellip;]","og_url":"https:\/\/riclima.ch\/fr\/service\/service-faq\/","og_site_name":"Riclima","article_modified_time":"2025-08-01T12:52:38+00:00","schema":{"@context":"https:\/\/schema.org","@graph":[{"@type":"WebPage","@id":"https:\/\/riclima.ch\/fr\/service\/service-faq\/","url":"https:\/\/riclima.ch\/fr\/service\/service-faq\/","name":"Service FAQ - Riclima","isPartOf":{"@id":"https:\/\/riclima.ch\/fr\/#website"},"datePublished":"2025-07-30T10:45:22+00:00","dateModified":"2025-08-01T12:52:38+00:00","breadcrumb":{"@id":"https:\/\/riclima.ch\/fr\/service\/service-faq\/#breadcrumb"},"inLanguage":"fr-FR","potentialAction":[{"@type":"ReadAction","target":["https:\/\/riclima.ch\/fr\/service\/service-faq\/"]}]},{"@type":"BreadcrumbList","@id":"https:\/\/riclima.ch\/fr\/service\/service-faq\/#breadcrumb","itemListElement":[{"@type":"ListItem","position":1,"name":"Home","item":"https:\/\/riclima.ch\/fr\/"},{"@type":"ListItem","position":2,"name":"Service","item":"https:\/\/riclima.ch\/fr\/service\/"},{"@type":"ListItem","position":3,"name":"Service FAQ"}]},{"@type":"WebSite","@id":"https:\/\/riclima.ch\/fr\/#website","url":"https:\/\/riclima.ch\/fr\/","name":"Riclima","description":"","potentialAction":[{"@type":"SearchAction","target":{"@type":"EntryPoint","urlTemplate":"https:\/\/riclima.ch\/fr\/?s={search_term_string}"},"query-input":{"@type":"PropertyValueSpecification","valueRequired":true,"valueName":"search_term_string"}}],"inLanguage":"fr-FR"}]}},"_links":{"self":[{"href":"https:\/\/riclima.ch\/fr\/wp-json\/wp\/v2\/pages\/9372","targetHints":{"allow":["GET"]}}],"collection":[{"href":"https:\/\/riclima.ch\/fr\/wp-json\/wp\/v2\/pages"}],"about":[{"href":"https:\/\/riclima.ch\/fr\/wp-json\/wp\/v2\/types\/page"}],"author":[{"embeddable":true,"href":"https:\/\/riclima.ch\/fr\/wp-json\/wp\/v2\/users\/6"}],"replies":[{"embeddable":true,"href":"https:\/\/riclima.ch\/fr\/wp-json\/wp\/v2\/comments?post=9372"}],"version-history":[{"count":2,"href":"https:\/\/riclima.ch\/fr\/wp-json\/wp\/v2\/pages\/9372\/revisions"}],"predecessor-version":[{"id":9377,"href":"https:\/\/riclima.ch\/fr\/wp-json\/wp\/v2\/pages\/9372\/revisions\/9377"}],"up":[{"embeddable":true,"href":"https:\/\/riclima.ch\/fr\/wp-json\/wp\/v2\/pages\/9390"}],"wp:attachment":[{"href":"https:\/\/riclima.ch\/fr\/wp-json\/wp\/v2\/media?parent=9372"}],"curies":[{"name":"wp","href":"https:\/\/api.w.org\/{rel}","templated":true}]}}